{"id":8,"date":"2026-05-14T11:45:17","date_gmt":"2026-05-14T11:45:17","guid":{"rendered":"https:\/\/romantic-meitner.5-56-166-59.plesk.page\/?page_id=8"},"modified":"2026-05-14T12:02:50","modified_gmt":"2026-05-14T12:02:50","slug":"accesibilidad","status":"publish","type":"page","link":"https:\/\/romantic-meitner.5-56-166-59.plesk.page\/?page_id=8","title":{"rendered":"Accesibilidad"},"content":{"rendered":"\n<p><\/p>\n\n\n\n<p><strong>Accesibilidad:<\/strong><\/p>\n\n\n\n<p><strong>Declaraci\u00f3n de Accesibilidad de <\/strong><a href=\"https:\/\/selinalopez.es\/\">https:\/\/selinalopez.es\/<\/a><\/p>\n\n\n\n<p><a href=\"https:\/\/selinalopez.es\/\">https:\/\/selinalopez.es\/<\/a> est\u00e1 comprometida con la accesibilidad de su sitio web. Esto se realiza en conformidad con el Real Decreto 1112\/2018 del 7 de septiembre, sobre la accesibilidad de los sitios web y aplicaciones m\u00f3viles del sector p\u00fablico. Este decreto adapta la Directiva (UE) 2016\/2102 a la legislaci\u00f3n espa\u00f1ola.<\/p>\n\n\n\n<p><strong>Estado de Conformidad<\/strong><\/p>\n\n\n\n<p>Este sitio web cumple parcialmente con el Real Decreto 1112\/2018 debido a algunas excepciones y faltas de conformidad que se detallan a continuaci\u00f3n.<\/p>\n\n\n\n<p><strong>Contenido No Accesible<\/strong><\/p>\n\n\n\n<p>Algunos contenidos no cumplen con los requisitos de accesibilidad por las siguientes razones:<\/p>\n\n\n\n<p><strong>Incumplimientos del RD 1112\/2018<\/strong><\/p>\n\n\n\n<ul class=\"wp-block-list\">\n<li>Debido a la automatizaci\u00f3n en algunas publicaciones, puede haber problemas con el anidamiento incorrecto de etiquetas HTML.<\/li>\n\n\n\n<li>Algunos documentos en formato PDF no cumplen con los est\u00e1ndares de accesibilidad, aunque se han proporcionado versiones alternativas en HTML que s\u00ed cumplen con la normativa.<\/li>\n\n\n\n<li>Puede haber errores puntuales de edici\u00f3n en ciertas p\u00e1ginas del sitio web.<\/li>\n<\/ul>\n\n\n\n<p><strong>Contenido fuera del \u00c1mbito de la Legislaci\u00f3n Aplicable<\/strong><\/p>\n\n\n\n<ul class=\"wp-block-list\">\n<li>Documentos ofim\u00e1ticos en PDF u otros formatos, y aplicaciones publicadas antes del 20 de septiembre de 2018, que no cumplen con todos los requisitos de accesibilidad.<\/li>\n\n\n\n<li>Contenido multimedia en directo.<\/li>\n\n\n\n<li>Contenidos multimedia pregrabados, como sesiones plenarias y ruedas de prensa, o que fueron publicados antes de la entrada en vigor del Real Decreto.<\/li>\n\n\n\n<li>Servicios de mapas y cartograf\u00eda en l\u00ednea.<\/li>\n<\/ul>\n\n\n\n<p><strong>Preparaci\u00f3n de la Declaraci\u00f3n de Accesibilidad<\/strong><\/p>\n\n\n\n<p>Esta declaraci\u00f3n fue preparada el 28 de octubre de 2019, basada en los informes del Observatorio de Accesibilidad Web. La \u00faltima revisi\u00f3n se realiz\u00f3 el 29 de septiembre de 2020.<\/p>\n\n\n\n<p><strong>Observaciones y Contacto<\/strong><\/p>\n\n\n\n<p>Si desea hacer comentarios sobre la accesibilidad del sitio web (art\u00edculo 10.2 del RD 1112\/2018), puede:<\/p>\n\n\n\n<ul class=\"wp-block-list\">\n<li>Informarnos sobre cualquier posible incumplimiento de accesibilidad.<\/li>\n\n\n\n<li>Comunicar cualquier dificultad para acceder al contenido.<\/li>\n\n\n\n<li>Hacer consultas o sugerencias para mejorar la accesibilidad del sitio web.<\/li>\n<\/ul>\n\n\n\n<p>Para contactarnos, utilice el formulario disponible en este sitio web en el siguiente enlace: <a href=\"https:\/\/selinalopez.es\/contacto\/\">formulario de contacto<\/a>. Su comunicaci\u00f3n ser\u00e1 recibida y atendida por nuestro equipo.<\/p>\n\n\n\n<p><strong>Caracter\u00edsticas Opcionales<\/strong><\/p>\n\n\n\n<p>Este sitio web est\u00e1 creado por la <a href=\"https:\/\/tuideadigital.com\/\">empresa:<\/a><\/p>\n\n\n\n<ul class=\"wp-block-list\">\n<li>Ha sido dise\u00f1ado conforme a los est\u00e1ndares y normativas vigentes de accesibilidad, cumpliendo con los puntos de verificaci\u00f3n de prioridad 2 (AA) de las Pautas de Accesibilidad al Contenido en la Web (WCAG 2.1).<\/li>\n\n\n\n<li>Cumple con los requisitos de la Norma UNE-EN 301549 v1.1.2:2015, con las excepciones especificadas en el Real Decreto 1112\/2018.<\/li>\n\n\n\n<li>Est\u00e1 optimizado para una correcta visualizaci\u00f3n en dispositivos de escritorio, tablet y m\u00f3viles, con una resoluci\u00f3n m\u00ednima de 1280&#215;1024.<\/li>\n\n\n\n<li>Utiliza HTML5 como lenguaje de marcado y CSS3 para el dise\u00f1o, garantizando la compatibilidad y el rendimiento \u00f3ptimo en todos los dispositivos.<\/li>\n\n\n\n<li>Funciona con JavaScript no intrusivo y proporciona alternativas cuando el navegador no soporta JavaScript.<\/li>\n<\/ul>\n","protected":false},"excerpt":{"rendered":"<p>Accesibilidad: Declaraci\u00f3n de Accesibilidad de https:\/\/selinalopez.es\/ https:\/\/selinalopez.es\/ est\u00e1 comprometida con la accesibilidad de su sitio web. Esto se realiza en conformidad con el Real Decreto 1112\/2018 del 7 de septiembre, sobre la accesibilidad de los sitios web y aplicaciones m\u00f3viles del sector p\u00fablico. Este decreto adapta la Directiva (UE) 2016\/2102 a la legislaci\u00f3n espa\u00f1ola. Estado [&hellip;]<\/p>\n","protected":false},"author":1,"featured_media":0,"parent":0,"menu_order":0,"comment_status":"closed","ping_status":"closed","template":"","meta":{"_angie_page":false,"footnotes":""},"class_list":["post-8","page","type-page","status-publish","hentry"],"yoast_head":"<!-- This site is optimized with the Yoast SEO plugin v27.6 - https:\/\/yoast.com\/product\/yoast-seo-wordpress\/ -->\n<title>Accesibilidad - selinalopez.es<\/title>\n<meta name=\"robots\" content=\"index, follow, max-snippet:-1, max-image-preview:large, max-video-preview:-1\" \/>\n<link rel=\"canonical\" href=\"https:\/\/romantic-meitner.5-56-166-59.plesk.page\/?page_id=8\" \/>\n<meta property=\"og:locale\" content=\"es_ES\" \/>\n<meta property=\"og:type\" content=\"article\" \/>\n<meta property=\"og:title\" content=\"Accesibilidad - selinalopez.es\" \/>\n<meta property=\"og:description\" content=\"Accesibilidad: Declaraci\u00f3n de Accesibilidad de https:\/\/selinalopez.es\/ https:\/\/selinalopez.es\/ est\u00e1 comprometida con la accesibilidad de su sitio web. Esto se realiza en conformidad con el Real Decreto 1112\/2018 del 7 de septiembre, sobre la accesibilidad de los sitios web y aplicaciones m\u00f3viles del sector p\u00fablico. Este decreto adapta la Directiva (UE) 2016\/2102 a la legislaci\u00f3n espa\u00f1ola. Estado [&hellip;]\" \/>\n<meta property=\"og:url\" content=\"https:\/\/romantic-meitner.5-56-166-59.plesk.page\/?page_id=8\" \/>\n<meta property=\"og:site_name\" content=\"selinalopez.es\" \/>\n<meta property=\"article:modified_time\" content=\"2026-05-14T12:02:50+00:00\" \/>\n<meta name=\"twitter:card\" content=\"summary_large_image\" \/>\n<meta name=\"twitter:label1\" content=\"Tiempo de lectura\" \/>\n\t<meta name=\"twitter:data1\" content=\"3 minutos\" \/>\n<script type=\"application\/ld+json\" class=\"yoast-schema-graph\">{\"@context\":\"https:\\\/\\\/schema.org\",\"@graph\":[{\"@type\":\"WebPage\",\"@id\":\"https:\\\/\\\/romantic-meitner.5-56-166-59.plesk.page\\\/?page_id=8\",\"url\":\"https:\\\/\\\/romantic-meitner.5-56-166-59.plesk.page\\\/?page_id=8\",\"name\":\"Accesibilidad - selinalopez.es\",\"isPartOf\":{\"@id\":\"https:\\\/\\\/romantic-meitner.5-56-166-59.plesk.page\\\/#website\"},\"datePublished\":\"2026-05-14T11:45:17+00:00\",\"dateModified\":\"2026-05-14T12:02:50+00:00\",\"breadcrumb\":{\"@id\":\"https:\\\/\\\/romantic-meitner.5-56-166-59.plesk.page\\\/?page_id=8#breadcrumb\"},\"inLanguage\":\"es\",\"potentialAction\":[{\"@type\":\"ReadAction\",\"target\":[\"https:\\\/\\\/romantic-meitner.5-56-166-59.plesk.page\\\/?page_id=8\"]}]},{\"@type\":\"BreadcrumbList\",\"@id\":\"https:\\\/\\\/romantic-meitner.5-56-166-59.plesk.page\\\/?page_id=8#breadcrumb\",\"itemListElement\":[{\"@type\":\"ListItem\",\"position\":1,\"name\":\"Portada\",\"item\":\"https:\\\/\\\/romantic-meitner.5-56-166-59.plesk.page\\\/\"},{\"@type\":\"ListItem\",\"position\":2,\"name\":\"Accesibilidad\"}]},{\"@type\":\"WebSite\",\"@id\":\"https:\\\/\\\/romantic-meitner.5-56-166-59.plesk.page\\\/#website\",\"url\":\"https:\\\/\\\/romantic-meitner.5-56-166-59.plesk.page\\\/\",\"name\":\"selinalopez.es\",\"description\":\"\",\"publisher\":{\"@id\":\"https:\\\/\\\/romantic-meitner.5-56-166-59.plesk.page\\\/#organization\"},\"potentialAction\":[{\"@type\":\"SearchAction\",\"target\":{\"@type\":\"EntryPoint\",\"urlTemplate\":\"https:\\\/\\\/romantic-meitner.5-56-166-59.plesk.page\\\/?s={search_term_string}\"},\"query-input\":{\"@type\":\"PropertyValueSpecification\",\"valueRequired\":true,\"valueName\":\"search_term_string\"}}],\"inLanguage\":\"es\"},{\"@type\":\"Organization\",\"@id\":\"https:\\\/\\\/romantic-meitner.5-56-166-59.plesk.page\\\/#organization\",\"name\":\"selinalopez.es\",\"url\":\"https:\\\/\\\/romantic-meitner.5-56-166-59.plesk.page\\\/\",\"logo\":{\"@type\":\"ImageObject\",\"inLanguage\":\"es\",\"@id\":\"https:\\\/\\\/romantic-meitner.5-56-166-59.plesk.page\\\/#\\\/schema\\\/logo\\\/image\\\/\",\"url\":\"https:\\\/\\\/romantic-meitner.5-56-166-59.plesk.page\\\/wp-content\\\/uploads\\\/2026\\\/05\\\/cropped-WhatsApp-Image-2026-04-27-at-18.58.19.webp\",\"contentUrl\":\"https:\\\/\\\/romantic-meitner.5-56-166-59.plesk.page\\\/wp-content\\\/uploads\\\/2026\\\/05\\\/cropped-WhatsApp-Image-2026-04-27-at-18.58.19.webp\",\"width\":589,\"height\":736,\"caption\":\"selinalopez.es\"},\"image\":{\"@id\":\"https:\\\/\\\/romantic-meitner.5-56-166-59.plesk.page\\\/#\\\/schema\\\/logo\\\/image\\\/\"}}]}<\/script>\n<!-- \/ Yoast SEO plugin. -->","yoast_head_json":{"title":"Accesibilidad - selinalopez.es","robots":{"index":"index","follow":"follow","max-snippet":"max-snippet:-1","max-image-preview":"max-image-preview:large","max-video-preview":"max-video-preview:-1"},"canonical":"https:\/\/romantic-meitner.5-56-166-59.plesk.page\/?page_id=8","og_locale":"es_ES","og_type":"article","og_title":"Accesibilidad - selinalopez.es","og_description":"Accesibilidad: Declaraci\u00f3n de Accesibilidad de https:\/\/selinalopez.es\/ https:\/\/selinalopez.es\/ est\u00e1 comprometida con la accesibilidad de su sitio web. Esto se realiza en conformidad con el Real Decreto 1112\/2018 del 7 de septiembre, sobre la accesibilidad de los sitios web y aplicaciones m\u00f3viles del sector p\u00fablico. Este decreto adapta la Directiva (UE) 2016\/2102 a la legislaci\u00f3n espa\u00f1ola. Estado [&hellip;]","og_url":"https:\/\/romantic-meitner.5-56-166-59.plesk.page\/?page_id=8","og_site_name":"selinalopez.es","article_modified_time":"2026-05-14T12:02:50+00:00","twitter_card":"summary_large_image","twitter_misc":{"Tiempo de lectura":"3 minutos"},"schema":{"@context":"https:\/\/schema.org","@graph":[{"@type":"WebPage","@id":"https:\/\/romantic-meitner.5-56-166-59.plesk.page\/?page_id=8","url":"https:\/\/romantic-meitner.5-56-166-59.plesk.page\/?page_id=8","name":"Accesibilidad - selinalopez.es","isPartOf":{"@id":"https:\/\/romantic-meitner.5-56-166-59.plesk.page\/#website"},"datePublished":"2026-05-14T11:45:17+00:00","dateModified":"2026-05-14T12:02:50+00:00","breadcrumb":{"@id":"https:\/\/romantic-meitner.5-56-166-59.plesk.page\/?page_id=8#breadcrumb"},"inLanguage":"es","potentialAction":[{"@type":"ReadAction","target":["https:\/\/romantic-meitner.5-56-166-59.plesk.page\/?page_id=8"]}]},{"@type":"BreadcrumbList","@id":"https:\/\/romantic-meitner.5-56-166-59.plesk.page\/?page_id=8#breadcrumb","itemListElement":[{"@type":"ListItem","position":1,"name":"Portada","item":"https:\/\/romantic-meitner.5-56-166-59.plesk.page\/"},{"@type":"ListItem","position":2,"name":"Accesibilidad"}]},{"@type":"WebSite","@id":"https:\/\/romantic-meitner.5-56-166-59.plesk.page\/#website","url":"https:\/\/romantic-meitner.5-56-166-59.plesk.page\/","name":"selinalopez.es","description":"","publisher":{"@id":"https:\/\/romantic-meitner.5-56-166-59.plesk.page\/#organization"},"potentialAction":[{"@type":"SearchAction","target":{"@type":"EntryPoint","urlTemplate":"https:\/\/romantic-meitner.5-56-166-59.plesk.page\/?s={search_term_string}"},"query-input":{"@type":"PropertyValueSpecification","valueRequired":true,"valueName":"search_term_string"}}],"inLanguage":"es"},{"@type":"Organization","@id":"https:\/\/romantic-meitner.5-56-166-59.plesk.page\/#organization","name":"selinalopez.es","url":"https:\/\/romantic-meitner.5-56-166-59.plesk.page\/","logo":{"@type":"ImageObject","inLanguage":"es","@id":"https:\/\/romantic-meitner.5-56-166-59.plesk.page\/#\/schema\/logo\/image\/","url":"https:\/\/romantic-meitner.5-56-166-59.plesk.page\/wp-content\/uploads\/2026\/05\/cropped-WhatsApp-Image-2026-04-27-at-18.58.19.webp","contentUrl":"https:\/\/romantic-meitner.5-56-166-59.plesk.page\/wp-content\/uploads\/2026\/05\/cropped-WhatsApp-Image-2026-04-27-at-18.58.19.webp","width":589,"height":736,"caption":"selinalopez.es"},"image":{"@id":"https:\/\/romantic-meitner.5-56-166-59.plesk.page\/#\/schema\/logo\/image\/"}}]}},"_links":{"self":[{"href":"https:\/\/romantic-meitner.5-56-166-59.plesk.page\/index.php?rest_route=\/wp\/v2\/pages\/8","targetHints":{"allow":["GET"]}}],"collection":[{"href":"https:\/\/romantic-meitner.5-56-166-59.plesk.page\/index.php?rest_route=\/wp\/v2\/pages"}],"about":[{"href":"https:\/\/romantic-meitner.5-56-166-59.plesk.page\/index.php?rest_route=\/wp\/v2\/types\/page"}],"author":[{"embeddable":true,"href":"https:\/\/romantic-meitner.5-56-166-59.plesk.page\/index.php?rest_route=\/wp\/v2\/users\/1"}],"replies":[{"embeddable":true,"href":"https:\/\/romantic-meitner.5-56-166-59.plesk.page\/index.php?rest_route=%2Fwp%2Fv2%2Fcomments&post=8"}],"version-history":[{"count":2,"href":"https:\/\/romantic-meitner.5-56-166-59.plesk.page\/index.php?rest_route=\/wp\/v2\/pages\/8\/revisions"}],"predecessor-version":[{"id":50,"href":"https:\/\/romantic-meitner.5-56-166-59.plesk.page\/index.php?rest_route=\/wp\/v2\/pages\/8\/revisions\/50"}],"wp:attachment":[{"href":"https:\/\/romantic-meitner.5-56-166-59.plesk.page\/index.php?rest_route=%2Fwp%2Fv2%2Fmedia&parent=8"}],"curies":[{"name":"wp","href":"https:\/\/api.w.org\/{rel}","templated":true}]}}